{"id":1002,"date":"2024-02-06T00:01:05","date_gmt":"2024-02-05T23:01:05","guid":{"rendered":"http:\/\/motylarnia.edu.pl\/?page_id=1002"},"modified":"2024-02-20T19:02:30","modified_gmt":"2024-02-20T18:02:30","slug":"dde","status":"publish","type":"page","link":"http:\/\/motylarnia.edu.pl\/index.php\/dde\/","title":{"rendered":"Dekonstrukcja Dewaluuj\u0105cych Epitet\u00f3w &#8211; szkolenie"},"content":{"rendered":"\n<figure class=\"wp-block-image size-large is-resized\"><img loading=\"lazy\" decoding=\"async\" src=\"http:\/\/motylarnia.edu.pl\/wp-content\/uploads\/2024\/02\/7-1024x625.jpg\" alt=\"\" class=\"wp-image-1034\" width=\"958\" height=\"585\" srcset=\"http:\/\/motylarnia.edu.pl\/wp-content\/uploads\/2024\/02\/7-1024x625.jpg 1024w, http:\/\/motylarnia.edu.pl\/wp-content\/uploads\/2024\/02\/7-300x183.jpg 300w, http:\/\/motylarnia.edu.pl\/wp-content\/uploads\/2024\/02\/7-768x469.jpg 768w, http:\/\/motylarnia.edu.pl\/wp-content\/uploads\/2024\/02\/7-1536x938.jpg 1536w, http:\/\/motylarnia.edu.pl\/wp-content\/uploads\/2024\/02\/7.jpg 2047w\" sizes=\"auto, (max-width: 958px) 100vw, 958px\" \/><\/figure>\n\n\n\n<p>Bezradna, bezsilny, leniwy, beznadziejna, bez polotu, nielubiany, wycofana, za wra\u017cliwa&#8230;.s\u0142yszysz te epitety w pracy z klientami\/pacjentami? <\/p>\n\n\n\n<p>Niekt\u00f3rzy klienci\/pacjenci maj\u0105 naprawd\u0119 imponuj\u0105co d\u0142ug\u0105 t\u0119 list\u0119 lub powtarzaj\u0105 niekt\u00f3re epitety, w k\u00f3\u0142ko nie mog\u0105c z tego k\u00f3\u0142ka wyj\u015b\u0107. <\/p>\n\n\n\n<p>A gdyby tak to w\u0142a\u015bnie one sta\u0142y si\u0119 \u017ar\u00f3d\u0142em zasob\u00f3w klienta\/pacjenta, a nie \u017ar\u00f3d\u0142em cierpienia i niskiego poczucia w\u0142asnej warto\u015bci u niej\/niego?<\/p>\n\n\n\n<p><\/p>\n\n\n\n<p>Je\u017celi chcesz:<\/p>\n\n\n\n<p>   &#8211; pom\u00f3c klientowi\/pacjentowi spojrze\u0107 na te epitety z zupe\u0142nie innej strony<\/p>\n\n\n\n<p>   &#8211; sprawi\u0107, aby to klient\/pacjent odkrywa\u0142 zasoby ukryte pod dewaluuj\u0105cymi epitetami<\/p>\n\n\n\n<p>   &#8211; pobudzi\u0107 wa\u017cno\u015b\u0107, warto\u015b\u0107, moc lub aktywno\u015b\u0107 w kliencie\/pacjencie<\/p>\n\n\n\n<p>Zaryzykuj i odwa\u017c si\u0119 zobaczy\u0107 te epitety w zupe\u0142nie innej ods\u0142onie, a potem zabierz w t\u0119 podr\u00f3\u017c klienta\/pacjenta.<\/p>\n\n\n\n<p><\/p>\n\n\n<p><strong>DLA KOGO?\u00a0<\/strong><\/p>\n<p>Psychoterapeuci, psychologowie, pedagodzy, socjoterapeuci, psychoterapeuci uzale\u017cnie\u0144 i in.<\/p>\n\n\n\n\n<p><strong>PROGRAM<\/strong><\/p>\n\n\n<ol>\n<li>Proces de-konstrukcji i dewaluuj\u0105ce epitety &#8211; za\u0142o\u017cenia teoretyczne procesu\n<ul>\n<li>de-konstrukcja i jej zasady<\/li>\n<li>dewaluuj\u0105ce epitety i ich de-konstrukcja<\/li>\n<li>kierunki de-konstrukcji s\u0142u\u017c\u0105ce klientowi\/pacjentowi<\/li>\n<li>co zostaje\/powstaje po de-konstrukcji<\/li>\n<li>miejsce de-konstrukcji w procesie terapeutycznym<\/li>\n<\/ul>\n<\/li>\n<li>Narracja jako \u017ar\u00f3d\u0142o dewaluuj\u0105cych epitet\u00f3w &#8211; jak przygotowa\u0107 j\u0105 do de-konstrukcji?<\/li>\n<li>De-konstrukcja Dewaluuj\u0105cych Epitet\u00f3w w praktyce\n<ul>\n<li>etapy procesu de-konstrukcji<\/li>\n<li>prezentacja procesu de-konstrukcji<\/li>\n<li>najcz\u0119\u015bciej pope\u0142niane b\u0142\u0119dy<\/li>\n<li>mo\u017cliwo\u015bci i ograniczenia metody<\/li>\n<\/ul>\n<\/li>\n<\/ol>\n<p>4. \u0106wiczenia praktyczne w de-konstrukcji dewaluuj\u0105cych epitet\u00f3w<\/p>\n\n\n<figure class=\"wp-block-table is-style-stripes\"><table><tbody><tr><td><\/td><td><\/td><\/tr><tr><td><strong>TERMIN<\/strong> <\/td><td>8.06.2024, g. 10-14<br>ilo\u015b\u0107 miejsc ograniczona \u2013 decyduje kolejno\u015b\u0107 zg\u0142osze\u0144 i wp\u0142at<\/td><\/tr><tr><td><strong>CENA<\/strong><\/td><td>200 z\u0142<br>p\u0142atne w ca\u0142o\u015bci do dnia 18.05.2024<br><br>Warunkiem uczestnictwa i rezerwacji miejsca jest przelanie ca\u0142ej kwoty do dnia 18.05.2024 r.. Zwrot ca\u0142ej kwoty mo\u017cliwy w sytuacji rezygnacji do dnia 25.05.2024, po tym terminie zwrot b\u0119dzie wynosi\u0142 po\u0142ow\u0119 tej kwoty. W przypadku nieobecno\u015bci Uczestnika na szkoleniu Organizator zwraca po\u0142ow\u0119 tej kwoty.<\/td><\/tr><tr><td><strong>MIEJSCE SZKOLENIA<\/strong><\/td><td>Sala Wirtualna Motylarni (zoom)<\/td><\/tr><tr><td><strong>ORGANIZATOR SZKOLENIA<\/strong><\/td><td>Motylarnia. O\u015brodek Rozwoju Osobistego i Zawodowego dla Kobiet, ul. Szeroka 41, 87-100 Toru\u0144<\/td><\/tr><tr><td><strong>P\u0141ATNO\u015aCI<\/strong><\/td><td>W jaki spos\u00f3b mo\u017cesz dokona\u0107 p\u0142atno\u015bci przeczytaj <a href=\"http:\/\/motylarnia.edu.pl\/index.php\/platnosci\/\">TUTAJ<\/a><\/td><\/tr><tr><td><strong><strong>ZAPISY<\/strong><\/strong><\/td><td>mailowo: <a href=\"mailto:kontakt@motylarnia.edu.pl\">kontakt@motylarnia.edu.pl<\/a><br>przy pomocy formularza rejestracyjnego &#8211; <a href=\"http:\/\/motylarnia.edu.pl\/index.php\/zarezerwuj-wizyte\/\">WEJD\u0179<\/a><br>telefonicznie: 697094805<\/td><\/tr><tr><td><strong><strong>PROWADZ\u0104CA<\/strong><\/strong><\/td><td>dr n. hum. Dominika \u0141\u0119cka<br><br>Certyfikowany psychoterapeuta systemowy oraz EFT, doktor nauk humanistycznych w zakresie socjologii zdrowia, promotor zdrowia. Kierownik w O\u015brodku Rozwoju Osobistego i Zawodowego dla Kobiet \u201eMotylarnia\u201d w Toruniu. Pracuj\u0105ca g\u0142\u00f3wnie w zakresie traumy i psychosomatyki. Naukowo zajmuj\u0105ca si\u0119 narracj\u0105 o problemie, koncepcj\u0105 Mentalnych Rodzic\u00f3w, diagnoz\u0105 prze\u017cycia oraz przemilczeniami mocy. Wi\u0119cej informacji<a href=\"http:\/\/dominikalecka.pl\"> TUTAJ<\/a><br><\/td><\/tr><\/tbody><\/table><\/figure>\n","protected":false},"excerpt":{"rendered":"<p>Bezradna, bezsilny, leniwy, beznadziejna, bez polotu, nielubiany, wycofana, za wra\u017cliwa&#8230;.s\u0142yszysz te epitety w pracy z klientami\/pacjentami? Niekt\u00f3rzy klienci\/pacjenci maj\u0105 naprawd\u0119<\/p>\n","protected":false},"author":1,"featured_media":0,"parent":0,"menu_order":0,"comment_status":"closed","ping_status":"closed","template":"","meta":{"footnotes":""},"class_list":["post-1002","page","type-page","status-publish","hentry"],"_links":{"self":[{"href":"http:\/\/motylarnia.edu.pl\/index.php\/wp-json\/wp\/v2\/pages\/1002","targetHints":{"allow":["GET"]}}],"collection":[{"href":"http:\/\/motylarnia.edu.pl\/index.php\/wp-json\/wp\/v2\/pages"}],"about":[{"href":"http:\/\/motylarnia.edu.pl\/index.php\/wp-json\/wp\/v2\/types\/page"}],"author":[{"embeddable":true,"href":"http:\/\/motylarnia.edu.pl\/index.php\/wp-json\/wp\/v2\/users\/1"}],"replies":[{"embeddable":true,"href":"http:\/\/motylarnia.edu.pl\/index.php\/wp-json\/wp\/v2\/comments?post=1002"}],"version-history":[{"count":11,"href":"http:\/\/motylarnia.edu.pl\/index.php\/wp-json\/wp\/v2\/pages\/1002\/revisions"}],"predecessor-version":[{"id":1040,"href":"http:\/\/motylarnia.edu.pl\/index.php\/wp-json\/wp\/v2\/pages\/1002\/revisions\/1040"}],"wp:attachment":[{"href":"http:\/\/motylarnia.edu.pl\/index.php\/wp-json\/wp\/v2\/media?parent=1002"}],"curies":[{"name":"wp","href":"https:\/\/api.w.org\/{rel}","templated":true}]}}