{"id":1084,"date":"2024-08-17T19:59:31","date_gmt":"2024-08-17T17:59:31","guid":{"rendered":"http:\/\/motylarnia.edu.pl\/?page_id=1084"},"modified":"2025-02-12T13:33:07","modified_gmt":"2025-02-12T12:33:07","slug":"wracam-do-siebie","status":"publish","type":"page","link":"http:\/\/motylarnia.edu.pl\/index.php\/wracam-do-siebie\/","title":{"rendered":"Wracam do siebie &#8211; grupa rozwoju osobistego online"},"content":{"rendered":"\n<figure class=\"wp-block-image size-full\"><img loading=\"lazy\" decoding=\"async\" width=\"1001\" height=\"835\" src=\"http:\/\/motylarnia.edu.pl\/wp-content\/uploads\/2025\/02\/glowna.jpg\" alt=\"\" class=\"wp-image-1170\" srcset=\"http:\/\/motylarnia.edu.pl\/wp-content\/uploads\/2025\/02\/glowna.jpg 1001w, http:\/\/motylarnia.edu.pl\/wp-content\/uploads\/2025\/02\/glowna-300x250.jpg 300w, http:\/\/motylarnia.edu.pl\/wp-content\/uploads\/2025\/02\/glowna-768x641.jpg 768w\" sizes=\"auto, (max-width: 1001px) 100vw, 1001px\" \/><\/figure>\n\n\n\n<h2 class=\"wp-block-heading has-text-align-center\">Co to znaczy &#8222;wr\u00f3ci\u0107 do Siebie&#8221;?<\/h2>\n\n\n\n<div class=\"wp-block-columns is-layout-flex wp-container-core-columns-is-layout-9d6595d7 wp-block-columns-is-layout-flex\">\n<div class=\"wp-block-column is-layout-flow wp-block-column-is-layout-flow\" style=\"flex-basis:100%\">\n<figure class=\"wp-block-table is-style-stripes\"><table class=\"has-fixed-layout\"><tbody><tr><td><img loading=\"lazy\" decoding=\"async\" width=\"11\" height=\"11\" class=\"wp-image-513\" style=\"width: 11px;\" src=\"http:\/\/motylarnia.edu.pl\/wp-content\/uploads\/2020\/11\/kwadrat.jpg\" alt=\"\"> wybiera\u0107 w zgodzie z w\u0142asnymi warto\u015bciami?<br><img loading=\"lazy\" decoding=\"async\" width=\"11\" height=\"11\" class=\"wp-image-513\" style=\"width: 11px;\" src=\"http:\/\/motylarnia.edu.pl\/wp-content\/uploads\/2020\/11\/kwadrat.jpg\" alt=\"\"> uwzgl\u0119dnia\u0107 w\u0142asne potrzeby w dzia\u0142aniach i wyborach?<br><img loading=\"lazy\" decoding=\"async\" width=\"11\" height=\"11\" class=\"wp-image-513\" style=\"width: 11px;\" src=\"http:\/\/motylarnia.edu.pl\/wp-content\/uploads\/2020\/11\/kwadrat.jpg\" alt=\"\"> u\u017cywa\u0107 motywacji, kt\u00f3ra jest moja?<br><img loading=\"lazy\" decoding=\"async\" width=\"11\" height=\"11\" class=\"wp-image-513\" style=\"width: 11px;\" src=\"http:\/\/motylarnia.edu.pl\/wp-content\/uploads\/2020\/11\/kwadrat.jpg\" alt=\"\"> korzysta\u0107 z zasob\u00f3w, kt\u00f3re posiadam?<br><img loading=\"lazy\" decoding=\"async\" width=\"11\" height=\"11\" class=\"wp-image-513\" style=\"width: 11px;\" src=\"http:\/\/motylarnia.edu.pl\/wp-content\/uploads\/2020\/11\/kwadrat.jpg\" alt=\"\"> podejmowa\u0107 decyzje w zgodzie z sob\u0105?<\/td><\/tr><tr><\/tr><\/tbody><\/table><\/figure>\n<\/div>\n<\/div>\n\n\n\n<h2 class=\"wp-block-heading has-text-align-center\">A mo\u017ce to wszystko na raz? <\/h2>\n\n\n\n<h2 class=\"wp-block-heading has-text-align-center\"><strong>Czym dla Ciebie jest &#8222;wr\u00f3ci\u0107 do Siebie&#8221;? <\/strong><\/h2>\n\n\n\n<h2 class=\"wp-block-heading has-text-align-center\"><strong>Jak daleko jeste\u015b od siebie?<\/strong><\/h2>\n\n\n\n<p><\/p>\n\n\n\n<h2 class=\"wp-block-heading has-text-align-center\"><strong><mark style=\"background-color:rgba(0, 0, 0, 0)\" class=\"has-inline-color has-vivid-cyan-blue-color\">Zapraszamy Ci\u0119 w podr\u00f3\u017c powrotn\u0105 do SIEBIE<\/mark><\/strong><\/h2>\n\n\n\n<p><\/p>\n\n\n\n<figure class=\"wp-block-image size-full\"><img loading=\"lazy\" decoding=\"async\" width=\"562\" height=\"44\" src=\"http:\/\/motylarnia.edu.pl\/wp-content\/uploads\/2025\/02\/co.da_.ci_.wejscie.jpg\" alt=\"\" class=\"wp-image-1209\" srcset=\"http:\/\/motylarnia.edu.pl\/wp-content\/uploads\/2025\/02\/co.da_.ci_.wejscie.jpg 562w, http:\/\/motylarnia.edu.pl\/wp-content\/uploads\/2025\/02\/co.da_.ci_.wejscie-300x23.jpg 300w\" sizes=\"auto, (max-width: 562px) 100vw, 562px\" \/><\/figure>\n\n\n\n<ol class=\"wp-block-list\">\n<li>Ustalisz swoje najbardziej efektywne metody motywacji i sprawdzisz ich skuteczno\u015b\u0107, zamiast stosowa\u0107 co\u015b, co nie przynosi efektu i nie jest zgodne z Tob\u0105<\/li>\n\n\n\n<li>Ustalisz priorytety przy pomocy, kt\u00f3rych podejmowa\u0107 b\u0119dziesz decyzje zgodne z sob\u0105, zamiast kierowa\u0107 si\u0119 przypadkiem i potem ponosi\u0107 za to konsekwencje.<\/li>\n\n\n\n<li>Nauczysz si\u0119 sposobu podejmowania decyzji na podstawie tych priorytet\u00f3w, wypr\u00f3bujesz go w \u017cyciu, zamiast robi\u0107 to chaotycznie i bez refleksji<\/li>\n\n\n\n<li>Rozpoznasz i nazwiesz swoje granice, zamiast do\u015bwiadcza\u0107 sytuacji, w kt\u00f3rej je czujesz, ale nie wiesz, dlaczego co\u015b czujesz<\/li>\n\n\n\n<li>Zidentyfikujesz tych, kt\u00f3rzy przekraczaj\u0105 Twoje granice, zorientujesz si\u0119, \u017ce s\u0105 w\u015br\u00f3d nich ci, kt\u00f3rych nigdy by\u015b o to nie podejrzewa\u0142a<\/li>\n\n\n\n<li>Nauczysz si\u0119 wsp\u00f3\u0142pracowa\u0107 z w\u0142asn\u0105 frustracj\u0105, zamiast reagowa\u0107 impulsywnie, cz\u0119sto zbyt mocno<\/li>\n\n\n\n<li>Wykorzystasz frustracj\u0119 do osi\u0105gania spokoju na swoich warunkach, zamiast p\u0142yn\u0105\u0107 z jej nurtem<\/li>\n\n\n\n<li>Nazwiesz zasoby ukryte w s\u0142abo\u015bciach, zupe\u0142nie niewidoczne, ale te\u017c te bardzo oczywiste, zamiast skupia\u0107 swoj\u0105 uwag\u0119 na tych wadach i ograniczeniach<\/li>\n\n\n\n<li>Co\u015b jeszcze, o czym nie wiesz, ale jest ju\u017c bardzo blisko \ud83d\ude42<\/li>\n<\/ol>\n\n\n\n<figure class=\"wp-block-image size-full\"><img loading=\"lazy\" decoding=\"async\" width=\"398\" height=\"38\" src=\"http:\/\/motylarnia.edu.pl\/wp-content\/uploads\/2025\/02\/krok.po_.kroku_.jpg\" alt=\"\" class=\"wp-image-1211\" srcset=\"http:\/\/motylarnia.edu.pl\/wp-content\/uploads\/2025\/02\/krok.po_.kroku_.jpg 398w, http:\/\/motylarnia.edu.pl\/wp-content\/uploads\/2025\/02\/krok.po_.kroku_-300x29.jpg 300w, http:\/\/motylarnia.edu.pl\/wp-content\/uploads\/2025\/02\/krok.po_.kroku_-392x38.jpg 392w, http:\/\/motylarnia.edu.pl\/wp-content\/uploads\/2025\/02\/krok.po_.kroku_-390x38.jpg 390w\" sizes=\"auto, (max-width: 398px) 100vw, 398px\" \/><\/figure>\n\n\n\n<ol class=\"wp-block-list\">\n<li>Zapisujesz si\u0119 na grup\u0119 rozwoju osobistego &#8222;Wracam do siebie&#8221; <a href=\"http:\/\/motylarnia.edu.pl\/index.php\/zarezerwuj-wizyte\/\" data-type=\"page\" data-id=\"775\">TUTAJ<\/a><\/li>\n\n\n\n<li>Ustalamy termin rozmowy przed-rozwojowej z psychoterapeutk\u0105, w trakcie kt\u00f3rej prowadz\u0105ca poznaje Ciebie, Twoje oczekiwania, cele na ten proces. W trakcie rozmowy zbadamy, jak daleko jeste\u015b od siebie i kt\u00f3re obszary chcia\u0142aby\u015b rozwin\u0105\u0107. Po zako\u0144czeniu rozmowy, a przed rozpocz\u0119ciem procesu, dostaniesz jej podsumowanie w formie pliku .pdf pokazuj\u0105ce, w kt\u00f3rym miejscu jeste\u015b obecnie i obszary mo\u017cliwe do rozwoju. Mo\u017ce by\u0107 to dobry wst\u0119p przed rozpocz\u0119ciem procesu.<\/li>\n\n\n\n<li>Opr\u00f3cz Ciebie, takie rozmowy zostan\u0105 przeprowadzone z pozosta\u0142ymi Uczestniczkami, dzi\u0119ki temu powstanie zamkni\u0119ta grupa kobiet, kt\u00f3ra b\u0119dzie sobie towarzyszy\u0107 w drodze do siebie, wspiera\u0107 si\u0119 i inspirowa\u0107.<\/li>\n\n\n\n<li>Wszystkie uzyskacie dost\u0119p do zamkni\u0119tej grupy na Facebooku.<\/li>\n\n\n\n<li>Ka\u017cdy tydzie\u0144 zaczniemy webinarem (live). B\u0119dzie to porcja wiedzy z domieszk\u0105 inspiracji. W zale\u017cno\u015bci od tematu webinar b\u0119dzie poprzedzony wiadomo\u015bci\u0105 z materia\u0142em w formacie .pdf, nad kt\u00f3rym wsp\u00f3lnie b\u0119dziemy pracowa\u0107 w trakcie webinaru.<\/li>\n\n\n\n<li>Pomi\u0119dzy webinarami ka\u017cda z Uczestniczek b\u0119dzie dostawa\u0142a od prowadz\u0105cej impulsy, kt\u00f3re b\u0119d\u0105 mia\u0142y za zadanie przybli\u017cy\u0107 do realizacji postawionych sobie cel\u00f3w, a tak\u017ce wyzwania, kt\u00f3re pozwol\u0105 spojrze\u0107 na Siebie z niespodziewanej strony.<\/li>\n\n\n\n<li>Po zako\u0144czeniu procesu otrzymasz jego podsumowanie, dzi\u0119ki temu por\u00f3wnuj\u0105c je z pierwszym opisem (pkt 2), b\u0119dziesz ma\u0142a szans\u0119 zobaczy\u0107 drog\u0119, kt\u00f3r\u0105 przeby\u0142a\u015b i oceni\u0107 dok\u0105d dosz\u0142a\u015b i jak Ci by\u0142o w trakcie tej drogi.<\/li>\n\n\n\n<li>A potem ruszysz w \u015bwiat i proces b\u0119dzie trwa\u0142 dalej \ud83d\ude42<\/li>\n<\/ol>\n\n\n\n<figure class=\"wp-block-image size-full\"><img loading=\"lazy\" decoding=\"async\" width=\"354\" height=\"38\" src=\"http:\/\/motylarnia.edu.pl\/wp-content\/uploads\/2025\/02\/tydzien.jpg\" alt=\"\" class=\"wp-image-1225\" srcset=\"http:\/\/motylarnia.edu.pl\/wp-content\/uploads\/2025\/02\/tydzien.jpg 354w, http:\/\/motylarnia.edu.pl\/wp-content\/uploads\/2025\/02\/tydzien-300x32.jpg 300w\" sizes=\"auto, (max-width: 354px) 100vw, 354px\" \/><\/figure>\n\n\n\n<p>Ka\u017cdy tydzie\u0144 b\u0119dzie po\u015bwi\u0119cony innemu obszarowi. Proces b\u0119dzie dzia\u0142 si\u0119 w trakcie spotka\u0144 &#8222;na \u017cywo&#8221; i zaraz po nich, a tak\u017ce przez ca\u0142y czas do nast\u0119pnego spotkania, tak\u017ce wtedy, gdy b\u0119dziesz pracowa\u0142a nad wys\u0142anymi zagadnieniami, ale te\u017c gdy b\u0119dziesz gotowa\u0142a obiad lub gdy zm\u0119czona b\u0119dziesz k\u0142ad\u0142a si\u0119 spa\u0107. Pewnych rzeczy nie da si\u0119 &#8222;od-zobaczy\u0107&#8221;, ani &#8222;od-us\u0142ysze\u0107&#8221; &#8211; b\u0119d\u0105 po prostu w Tobie. Na poni\u017cszym wykresie pokazane s\u0105 obszary, kt\u00f3re na pewno znajd\u0105 swoje miejsce w trakcie procesu.<\/p>\n\n\n\n<figure class=\"wp-block-image size-full\"><img loading=\"lazy\" decoding=\"async\" width=\"789\" height=\"743\" src=\"http:\/\/motylarnia.edu.pl\/wp-content\/uploads\/2025\/02\/tematy.jpg\" alt=\"\" class=\"wp-image-1203\" srcset=\"http:\/\/motylarnia.edu.pl\/wp-content\/uploads\/2025\/02\/tematy.jpg 789w, http:\/\/motylarnia.edu.pl\/wp-content\/uploads\/2025\/02\/tematy-300x283.jpg 300w, http:\/\/motylarnia.edu.pl\/wp-content\/uploads\/2025\/02\/tematy-768x723.jpg 768w\" sizes=\"auto, (max-width: 789px) 100vw, 789px\" \/><\/figure>\n\n\n\n<figure class=\"wp-block-image size-full\"><img loading=\"lazy\" decoding=\"async\" width=\"340\" height=\"41\" src=\"http:\/\/motylarnia.edu.pl\/wp-content\/uploads\/2025\/02\/bonusy.jpg\" alt=\"\" class=\"wp-image-1231\" srcset=\"http:\/\/motylarnia.edu.pl\/wp-content\/uploads\/2025\/02\/bonusy.jpg 340w, http:\/\/motylarnia.edu.pl\/wp-content\/uploads\/2025\/02\/bonusy-300x36.jpg 300w\" sizes=\"auto, (max-width: 340px) 100vw, 340px\" \/><\/figure>\n\n\n\n<ol class=\"wp-block-list\">\n<li>BONUS 1 # &#8211; Wspieraj\u0105ca spo\u0142eczno\u015b\u0107 w grupie na Facebooku<\/li>\n\n\n\n<li>BONUS 2 # &#8211; Opieka merytoryczna psychoterapeuty nad Procesem<\/li>\n\n\n\n<li>BONUS 3 # &#8211; W trakcie Procesu to Ty b\u0119dziesz w centrum<\/li>\n<\/ol>\n\n\n\n<figure class=\"wp-block-image size-full\"><img loading=\"lazy\" decoding=\"async\" width=\"745\" height=\"38\" src=\"http:\/\/motylarnia.edu.pl\/wp-content\/uploads\/2025\/02\/najmocniejsze.jpg\" alt=\"\" class=\"wp-image-1234\" srcset=\"http:\/\/motylarnia.edu.pl\/wp-content\/uploads\/2025\/02\/najmocniejsze.jpg 745w, http:\/\/motylarnia.edu.pl\/wp-content\/uploads\/2025\/02\/najmocniejsze-300x15.jpg 300w\" sizes=\"auto, (max-width: 745px) 100vw, 745px\" \/><\/figure>\n\n\n\n<h1 class=\"wp-block-heading\"><strong><mark style=\"background-color:rgba(0, 0, 0, 0)\" class=\"has-inline-color has-vivid-cyan-blue-color\">TY<\/mark><\/strong><\/h1>\n\n\n\n<p>dodatkowo:<\/p>\n\n\n\n<ol class=\"wp-block-list\">\n<li>Jest to autorski program, oparty na wiedzy, ale przede wszystkim do\u015bwiadczeniach innych kobiet, kt\u00f3re ten proces maj\u0105 ju\u017c za sob\u0105 w wersji stacjonarnej<\/li>\n\n\n\n<li>Ogromnym atutem tego procesu s\u0105 inne kobiety, kt\u00f3re b\u0119d\u0105 cz\u0119\u015bci\u0105 grupy na Facebooku. B\u0119dzie to przestrze\u0144 wsparcia i poczucia bezpiecze\u0144stwa. Prowadz\u0105ca osobi\u015bcie b\u0119dzie bra\u0142a w niej udzia\u0142 wspieraj\u0105c Proces na tej grupie.<\/li>\n\n\n\n<li>Dostaniesz mo\u017cliwo\u015b\u0107 zatrzymania si\u0119 i zrobienia miejsca dla siebie samej.<\/li>\n\n\n\n<li>Wszystko, co najcenniejsze b\u0119dzie dzia\u0142o si\u0119 w trakcie spotka\u0144 &#8222;na \u017cywo&#8221; pomi\u0119dzy Uczestniczkami i w Tobie, a wszystko pod czujnym okiem osoby towarzysz\u0105cej w tego typu procesach na co dzie\u0144 ju\u017c od ponad 15 lat.<\/li>\n<\/ol>\n\n\n\n<figure class=\"wp-block-image size-full\"><img loading=\"lazy\" decoding=\"async\" width=\"119\" height=\"37\" src=\"http:\/\/motylarnia.edu.pl\/wp-content\/uploads\/2025\/02\/uwaga.jpg\" alt=\"\" class=\"wp-image-1238\"\/><\/figure>\n\n\n\n<ul class=\"wp-block-list\">\n<li>Grupa ma charakter rozwojowy, a nie terapeutyczny!<\/li>\n\n\n\n<li>Spotykamy si\u0119 w zamkni\u0119tej grupie (do 15 os\u00f3b) &#8211; nie mo\u017cna do\u0142\u0105czy\u0107 w trakcie<\/li>\n<\/ul>\n\n\n\n<figure class=\"wp-block-image size-full\"><img loading=\"lazy\" decoding=\"async\" width=\"317\" height=\"47\" src=\"http:\/\/motylarnia.edu.pl\/wp-content\/uploads\/2025\/02\/kiedy.zaczynamy.jpg\" alt=\"\" class=\"wp-image-1242\" srcset=\"http:\/\/motylarnia.edu.pl\/wp-content\/uploads\/2025\/02\/kiedy.zaczynamy.jpg 317w, http:\/\/motylarnia.edu.pl\/wp-content\/uploads\/2025\/02\/kiedy.zaczynamy-300x44.jpg 300w\" sizes=\"auto, (max-width: 317px) 100vw, 317px\" \/><\/figure>\n\n\n\n<p>Kwiecie\u0144 2025<\/p>\n\n\n<div class=\"wp-block-image\">\n<figure class=\"alignleft size-full\"><img loading=\"lazy\" decoding=\"async\" width=\"929\" height=\"40\" src=\"http:\/\/motylarnia.edu.pl\/wp-content\/uploads\/2025\/02\/co.otrzymasz.jpg\" alt=\"\" class=\"wp-image-1210\" srcset=\"http:\/\/motylarnia.edu.pl\/wp-content\/uploads\/2025\/02\/co.otrzymasz.jpg 929w, http:\/\/motylarnia.edu.pl\/wp-content\/uploads\/2025\/02\/co.otrzymasz-300x13.jpg 300w, http:\/\/motylarnia.edu.pl\/wp-content\/uploads\/2025\/02\/co.otrzymasz-768x33.jpg 768w\" sizes=\"auto, (max-width: 929px) 100vw, 929px\" \/><\/figure>\n<\/div>\n\n\n<p><\/p>\n\n\n\n<figure class=\"wp-block-image size-large is-resized\"><img loading=\"lazy\" decoding=\"async\" width=\"1024\" height=\"563\" src=\"http:\/\/motylarnia.edu.pl\/wp-content\/uploads\/2025\/02\/co.zawiera-1024x563.jpg\" alt=\"\" class=\"wp-image-1174\" style=\"width:755px;height:auto\" srcset=\"http:\/\/motylarnia.edu.pl\/wp-content\/uploads\/2025\/02\/co.zawiera-1024x563.jpg 1024w, http:\/\/motylarnia.edu.pl\/wp-content\/uploads\/2025\/02\/co.zawiera-300x165.jpg 300w, http:\/\/motylarnia.edu.pl\/wp-content\/uploads\/2025\/02\/co.zawiera-768x422.jpg 768w, http:\/\/motylarnia.edu.pl\/wp-content\/uploads\/2025\/02\/co.zawiera.jpg 1032w\" sizes=\"auto, (max-width: 1024px) 100vw, 1024px\" \/><\/figure>\n\n\n\n<figure class=\"wp-block-table is-style-stripes\"><table><tbody><tr><td><strong>UWAGA<\/strong><\/td><td>Grupa ruszy po zebraniu minimalnej ilo\u015bci os\u00f3b (kwiecie\u0144 2025)<br>Ka\u017cda z os\u00f3b zakwalifikowana do udzia\u0142u w grupie odbywa rozmow\u0119 wst\u0119pn\u0105 z prowadz\u0105c\u0105 grup\u0119 (50 min)<\/td><\/tr><tr><td><strong>TERMINY<\/strong><\/td><td>Terminy webinar\u00f3w: \u015broda\/czwartek (godziny zostan\u0105 ustalone  z Uczestniczkami) <br><strong>ilo\u015b\u0107 miejsc ograniczona \u2013 decyduje kolejno\u015b\u0107 zg\u0142osze\u0144 i wp\u0142at<\/strong><\/td><\/tr><tr><td><strong>CENA<\/strong><\/td><td>1400 z\u0142\/ca\u0142y proces (8 tygodni)<br>mo\u017cliwa p\u0142atno\u015b\u0107 w dw\u00f3ch ratach<\/td><\/tr><tr><td><strong>ORGANIZATOR<\/strong><\/td><td>Motylarnia. O\u015brodek Rozwoju Osobistego i Zawodowego dla Kobiet, ul. Szeroka 41, lok.2, 87-100 Toru\u0144<\/td><\/tr><tr><td><strong>P\u0141ATNO\u015aCI<\/strong><\/td><td>W jaki spos\u00f3b mo\u017cesz dokona\u0107 p\u0142atno\u015bci przeczytaj <a href=\"http:\/\/motylarnia.edu.pl\/index.php\/platnosci\/\">TUTAJ<\/a><\/td><\/tr><tr><td><strong><strong>ZAPISY<\/strong><\/strong><\/td><td>przy pomocy formularza rejestracyjnego &#8211; <a href=\"http:\/\/motylarnia.edu.pl\/index.php\/zarezerwuj-wizyte\/\">WEJD\u0179<\/a><\/td><\/tr><tr><td><strong><strong>PROWADZ\u0104CA<\/strong><\/strong><\/td><td>dr n. hum. Dominika \u0141\u0119cka<br><br>Certyfikowany psychoterapeuta systemowy oraz EFT, doktor nauk humanistycznych, pedagog, kierownik w O\u015brodku Rozwoju Osobistego i Zawodowego dla Kobiet \u201eMotylarnia\u201d w Toruniu. Pracuj\u0105ca g\u0142\u00f3wnie w zakresie traumy i psychosomatyki. Wi\u0119cej informacji<a href=\"http:\/\/dominikalecka.pl\"> TUTAJ<\/a><br><br><strong>PYTANIA MO\u017bNA WYSY\u0141A\u0106 mailowo:<\/strong> <a href=\"mailto:kontakt@motylarnia.edu.pl\">kontakt@motylarnia.edu.pl<\/a><br><\/td><\/tr><\/tbody><\/table><\/figure>\n\n\n\n<p><sub>Grafika: &#8222;<a href=\"https:\/\/www.flickr.com\/photos\/44124390461@N01\/3231308527\">Wooden Puzzle Cube<\/a>&#8221; by <a href=\"https:\/\/www.flickr.com\/photos\/44124390461@N01\">David Davies<\/a> is licensed under <a href=\"https:\/\/creativecommons.org\/licenses\/by-sa\/2.0\/?ref=openverse\">CC BY-SA 2.0<\/a>.<\/sub><\/p>\n","protected":false},"excerpt":{"rendered":"<p>Co to znaczy &#8222;wr\u00f3ci\u0107 do Siebie&#8221;? wybiera\u0107 w zgodzie z w\u0142asnymi warto\u015bciami? uwzgl\u0119dnia\u0107 w\u0142asne potrzeby w dzia\u0142aniach i wyborach? u\u017cywa\u0107<\/p>\n","protected":false},"author":1,"featured_media":0,"parent":0,"menu_order":0,"comment_status":"closed","ping_status":"closed","template":"","meta":{"footnotes":""},"class_list":["post-1084","page","type-page","status-publish","hentry"],"_links":{"self":[{"href":"http:\/\/motylarnia.edu.pl\/index.php\/wp-json\/wp\/v2\/pages\/1084","targetHints":{"allow":["GET"]}}],"collection":[{"href":"http:\/\/motylarnia.edu.pl\/index.php\/wp-json\/wp\/v2\/pages"}],"about":[{"href":"http:\/\/motylarnia.edu.pl\/index.php\/wp-json\/wp\/v2\/types\/page"}],"author":[{"embeddable":true,"href":"http:\/\/motylarnia.edu.pl\/index.php\/wp-json\/wp\/v2\/users\/1"}],"replies":[{"embeddable":true,"href":"http:\/\/motylarnia.edu.pl\/index.php\/wp-json\/wp\/v2\/comments?post=1084"}],"version-history":[{"count":37,"href":"http:\/\/motylarnia.edu.pl\/index.php\/wp-json\/wp\/v2\/pages\/1084\/revisions"}],"predecessor-version":[{"id":1243,"href":"http:\/\/motylarnia.edu.pl\/index.php\/wp-json\/wp\/v2\/pages\/1084\/revisions\/1243"}],"wp:attachment":[{"href":"http:\/\/motylarnia.edu.pl\/index.php\/wp-json\/wp\/v2\/media?parent=1084"}],"curies":[{"name":"wp","href":"https:\/\/api.w.org\/{rel}","templated":true}]}}