{"id":58,"date":"2019-09-01T22:03:34","date_gmt":"2019-09-01T20:03:34","guid":{"rendered":"http:\/\/pracownia-alternatywa.home.pl\/autoinstalator\/wordpress10\/?page_id=58"},"modified":"2022-12-12T22:15:38","modified_gmt":"2022-12-12T21:15:38","slug":"umawianie-sesji","status":"publish","type":"page","link":"http:\/\/motylarnia.edu.pl\/index.php\/umawianie-sesji\/","title":{"rendered":"Umawianie sesji"},"content":{"rendered":"\n<ol class=\"wp-block-list\"><li>Sesje umawiamy osobi\u015bcie na spotkaniu, <a href=\"http:\/\/motylarnia.edu.pl\/index.php\/dane-teleadresowe\/\" data-type=\"page\" data-id=\"40\">smsowo, telefonicznie, mailowo<\/a> lub przy pomocy <a href=\"http:\/\/motylarnia.edu.pl\/index.php\/zarezerwuj-wizyte\/\" data-type=\"page\" data-id=\"775\">systemu rejestracyjnego<\/a><\/li><li>Po wys\u0142aniu propozycji terminu czekamy na potwierdzenie jego dost\u0119pno\u015bci przez Motylarni\u0119.<\/li><li>Po otrzymaniu potwierdzenia dost\u0119pno\u015bci terminu,jest on rezerwowany dla osoby na 24 h, w ci\u0105gu kt\u00f3rych nale\u017cy ui\u015bci\u0107 op\u0142at\u0119 za rezerwacj\u0119 miejsca przelewem i przes\u0142a\u0107 jego potwierdzenie na adres kontakt@motylarnia.edu.pl lub op\u0142aci\u0107 got\u00f3wk\u0105 na sesji. <a href=\"http:\/\/motylarnia.edu.pl\/index.php\/platnosci\/\" data-type=\"page\" data-id=\"56\">Patrz P\u0142atno\u015bci<\/a><\/li><li>Po otrzymaniu wp\u0142aty Motylarnia potwierdza zap\u0142at\u0119 smsem lub mailowo, co oznacza rezerwacj\u0119 miejsca.<\/li><li>Odwo\u0142anie op\u0142aconej sesji mo\u017ce nast\u0105pi\u0107 po spe\u0142nieniu warunk\u00f3w opisanych <a href=\"http:\/\/motylarnia.edu.pl\/index.php\/odwolywanie-sesji\/\" data-type=\"page\" data-id=\"54\">tutaj<\/a>. <\/li><\/ol>\n","protected":false},"excerpt":{"rendered":"<p>Sesje umawiamy osobi\u015bcie na spotkaniu, smsowo, telefonicznie, mailowo lub przy pomocy systemu rejestracyjnego Po wys\u0142aniu propozycji terminu czekamy na potwierdzenie<\/p>\n","protected":false},"author":1,"featured_media":0,"parent":0,"menu_order":0,"comment_status":"closed","ping_status":"closed","template":"","meta":{"footnotes":""},"class_list":["post-58","page","type-page","status-publish","hentry"],"_links":{"self":[{"href":"http:\/\/motylarnia.edu.pl\/index.php\/wp-json\/wp\/v2\/pages\/58","targetHints":{"allow":["GET"]}}],"collection":[{"href":"http:\/\/motylarnia.edu.pl\/index.php\/wp-json\/wp\/v2\/pages"}],"about":[{"href":"http:\/\/motylarnia.edu.pl\/index.php\/wp-json\/wp\/v2\/types\/page"}],"author":[{"embeddable":true,"href":"http:\/\/motylarnia.edu.pl\/index.php\/wp-json\/wp\/v2\/users\/1"}],"replies":[{"embeddable":true,"href":"http:\/\/motylarnia.edu.pl\/index.php\/wp-json\/wp\/v2\/comments?post=58"}],"version-history":[{"count":4,"href":"http:\/\/motylarnia.edu.pl\/index.php\/wp-json\/wp\/v2\/pages\/58\/revisions"}],"predecessor-version":[{"id":921,"href":"http:\/\/motylarnia.edu.pl\/index.php\/wp-json\/wp\/v2\/pages\/58\/revisions\/921"}],"wp:attachment":[{"href":"http:\/\/motylarnia.edu.pl\/index.php\/wp-json\/wp\/v2\/media?parent=58"}],"curies":[{"name":"wp","href":"https:\/\/api.w.org\/{rel}","templated":true}]}}