{"id":9,"date":"2019-09-01T21:38:42","date_gmt":"2019-09-01T19:38:42","guid":{"rendered":"http:\/\/pracownia-alternatywa.home.pl\/autoinstalator\/wordpress10\/?page_id=9"},"modified":"2022-07-03T19:05:32","modified_gmt":"2022-07-03T17:05:32","slug":"o-motylarni","status":"publish","type":"page","link":"http:\/\/motylarnia.edu.pl\/index.php\/o-motylarni\/","title":{"rendered":"O Motylarni"},"content":{"rendered":"\r\n<p><strong>Motylarnia. O\u015brodek Rozwoju Osobistego i Zawodowego dla Kobiet w Toruniu<\/strong> to miejsce wyj\u0105tkowe, bo stworzone przez kobiety wy\u0142\u0105cznie dla kobiet. Jako jedyne w Toruniu w profesjonalny spos\u00f3b stworzy\u0142y\u015bmy warunki do wszechstronnego rozwoju kobiet i rozwi\u0105zywania ich problem\u00f3w.<\/p>\r\n\r\n\r\n\r\n<p>Motylarnia powsta\u0142a z my\u015bl\u0105 o kobietach, o ich niespe\u0142nionych marzeniach i\u00a0 trudno\u015bciach, z kt\u00f3rymi spotykaj\u0105 si\u0119 w swoim codziennym \u017cyciu. Bez wzgl\u0119du na to, czy jeste\u015b singielk\u0105, matk\u0105, partnerk\u0105, te\u015bciow\u0105 czy \u017con\u0105, \u0142\u0105czy nas podobie\u0144stwo do\u015bwiadcze\u0144, potrzeb i problem\u00f3w.<\/p>\r\n\r\n\r\n\r\n<p>To tutaj mo\u017cesz pokaza\u0107 swoje smutne oczy, pomimo tego, \u017ce codziennie u\u015bmiechasz si\u0119 do najbli\u017cszych. Mo\u017cesz powiedzie\u0107, co Ci\u0119 wkurza, chocia\u017c w innych miejscach kobiecie przecie\u017c nie wypada tego m\u00f3wi\u0107. Mo\u017cesz wreszcie podzieli\u0107 si\u0119 swoimi troskami i szuka\u0107 dla nich rozwi\u0105za\u0144.<\/p>\r\n\r\n\r\n\r\n<p>Motylarnia to miejsce dyskretne, w kt\u00f3rym ka\u017cda kobieta, niczym motyl, ma szans\u0119 na przemian\u0119, czy zmian\u0119 w swoim \u017cyciu pod okiem innych kobiet \u2013 specjalistek, kt\u00f3re dzi\u0119ki zdobytej wiedzy i w\u0142asnemu do\u015bwiadczeniu pomog\u0105 odkry\u0107 umiej\u0119tno\u015bci potrzebne do ich wprowadzenia.<\/p>\r\n\r\n\r\n\r\n<p>W O\u015brodku ka\u017cda kobieta mo\u017ce skorzysta\u0107 z szeregu propozycji, kt\u00f3re zosta\u0142y przygotowane\u00a0 na bazie rozm\u00f3w i do\u015bwiadcze\u0144 bliskich ka\u017cdej kobiecie. Zach\u0119camy do skorzystania z pierwszej konsultacji, kt\u00f3ra pozwoli wskaza\u0107 najbardziej optymaln\u0105 drog\u0119 rozwi\u0105zania indywidualnego problemu.<\/p>\r\n\r\n\r\n\r\n<p class=\"has-text-align-right\"><em>Czekamy na Ciebie<\/em><\/p>\r\n\r\n\r\n\r\n<p class=\"has-text-align-right\"><em>Kobiety z Motylarni<\/em><\/p>\r\n","protected":false},"excerpt":{"rendered":"<p>Motylarnia. O\u015brodek Rozwoju Osobistego i Zawodowego dla Kobiet w Toruniu to miejsce wyj\u0105tkowe, bo stworzone przez kobiety wy\u0142\u0105cznie dla kobiet.<\/p>\n","protected":false},"author":1,"featured_media":0,"parent":0,"menu_order":0,"comment_status":"closed","ping_status":"closed","template":"","meta":{"footnotes":""},"class_list":["post-9","page","type-page","status-publish","hentry"],"_links":{"self":[{"href":"http:\/\/motylarnia.edu.pl\/index.php\/wp-json\/wp\/v2\/pages\/9","targetHints":{"allow":["GET"]}}],"collection":[{"href":"http:\/\/motylarnia.edu.pl\/index.php\/wp-json\/wp\/v2\/pages"}],"about":[{"href":"http:\/\/motylarnia.edu.pl\/index.php\/wp-json\/wp\/v2\/types\/page"}],"author":[{"embeddable":true,"href":"http:\/\/motylarnia.edu.pl\/index.php\/wp-json\/wp\/v2\/users\/1"}],"replies":[{"embeddable":true,"href":"http:\/\/motylarnia.edu.pl\/index.php\/wp-json\/wp\/v2\/comments?post=9"}],"version-history":[{"count":7,"href":"http:\/\/motylarnia.edu.pl\/index.php\/wp-json\/wp\/v2\/pages\/9\/revisions"}],"predecessor-version":[{"id":781,"href":"http:\/\/motylarnia.edu.pl\/index.php\/wp-json\/wp\/v2\/pages\/9\/revisions\/781"}],"wp:attachment":[{"href":"http:\/\/motylarnia.edu.pl\/index.php\/wp-json\/wp\/v2\/media?parent=9"}],"curies":[{"name":"wp","href":"https:\/\/api.w.org\/{rel}","templated":true}]}}