{"id":28,"date":"2019-09-01T21:44:57","date_gmt":"2019-09-01T19:44:57","guid":{"rendered":"http:\/\/pracownia-alternatywa.home.pl\/autoinstalator\/wordpress10\/?page_id=28"},"modified":"2025-02-03T08:43:55","modified_gmt":"2025-02-03T07:43:55","slug":"poradnictwo","status":"publish","type":"page","link":"https:\/\/motylarnia.edu.pl\/index.php\/poradnictwo\/","title":{"rendered":"Poradnictwo"},"content":{"rendered":"\n<p>Je\u017celi nie jeste\u015b zainteresowana regularn\u0105 prac\u0105 psychoterapeutyczn\u0105, mo\u017cesz skorzysta\u0107 z porady. Ta forma wsparcia jest pomocna, gdy chcia\u0142aby\u015b uzyska\u0107 <strong>wskaz\u00f3wki, rady i podpowiedzi odno\u015bnie mo\u017cliwo\u015bci rozwi\u0105zania konkretnej trudnej sytuacji <\/strong>w jakiej si\u0119 znalaz\u0142a\u015b. Porada nie jest sesj\u0105 psychoterapeutyczn\u0105, ale udziela jej specjalista, kt\u00f3ry wykorzystuj\u0105c swoj\u0105 wiedz\u0119 i do\u015bwiadczenie w pracy z osobami w trudnych sytuacjach, przedstawia mo\u017cliwe \u015bcie\u017cki rozwiazania tej sytuacji .<\/p>\n\n\n\n<p><strong>Porady<\/strong> s\u0142u\u017c\u0105 rozpoznaniu problemu, poszukiwaniu rozwi\u0105za\u0144, przekazaniu informacji, zaplanowaniu konkretnych, realistycznych dzia\u0142a\u0144. Mog\u0105 by\u0107 jednorazowe lub wielorazowe w zale\u017cno\u015bci od problemu i czasu jego trwania. Oto lista przyk\u0142adowych problem\u00f3w, w kt\u00f3rych mo\u017cesz zasi\u0119gn\u0105\u0107 porady w Motylarni:<\/p>\n\n\n\n<ul class=\"wp-block-list\">\n<li>emocje i stres;<\/li>\n\n\n\n<li>objawy b\u00f3lowe, zm\u0119czenie, bezsenno\u015b\u0107, kt\u00f3re pomimo pr\u00f3b nie uzyska\u0142y diagnozy u lekarzy specjalist\u00f3w (objawy psychosomatyczne);<\/li>\n\n\n\n<li>\u015bmier\u0107 bliskiej osoby;<\/li>\n\n\n\n<li>problemy rodzinne (rozwody, zdrady, adopcje, problemy w rodzinach rekonstruowanych, samotne rodzicielstwo, problemy z doros\u0142ymi dzie\u0107mi, problemy z rodzicami i inne);<\/li>\n\n\n\n<li>problemy ze zdrowiem psychicznym, choroba psychiczna osoby bliskiej;<\/li>\n\n\n\n<li>powa\u017cne zmiany \u017cyciowe, nowy etap \u017cycia;<\/li>\n\n\n\n<li>trudno\u015bci w pracy, mobbing, utrata pracy;<\/li>\n\n\n\n<li>radzenie sobie w grupie i z grup\u0105;<\/li>\n\n\n\n<li>inne.<\/li>\n<\/ul>\n\n\n\n<figure class=\"wp-block-table is-style-stripes\"><table><tbody><tr><td><strong>CZAS TRWANIA<\/strong><\/td><td>50 min.<\/td><\/tr><tr><td><strong>CENA<\/strong><\/td><td>200 z\u0142<\/td><\/tr><tr><td><strong>ZAPISY<\/strong><\/td><td>mailowo: kontakt@motylarnia.edu.pl<br>przy pomocy <a href=\"http:\/\/motylarnia.edu.pl\/index.php\/zarezerwuj-wizyte\/\">systemu rejestracji<\/a><br>telefonicznie: 697094805<\/td><\/tr><\/tbody><\/table><\/figure>\n\n\n\n<p>Zanim si\u0119 zapiszesz, przeczytaj zasady <a href=\"http:\/\/motylarnia.edu.pl\/index.php\/umawianie-sesji\/\" data-type=\"page\" data-id=\"58\">umawiania<\/a>, <a href=\"http:\/\/motylarnia.edu.pl\/index.php\/odwolywanie-sesji\/\" data-type=\"page\" data-id=\"54\">odwo\u0142ywania<\/a> sesji i <a href=\"http:\/\/motylarnia.edu.pl\/index.php\/rodo\/\" data-type=\"page\" data-id=\"17\">RODO<\/a><\/p>\n","protected":false},"excerpt":{"rendered":"<p>Je\u017celi nie jeste\u015b zainteresowana regularn\u0105 prac\u0105 psychoterapeutyczn\u0105, mo\u017cesz skorzysta\u0107 z porady. Ta forma wsparcia jest pomocna, gdy chcia\u0142aby\u015b uzyska\u0107 wskaz\u00f3wki,<\/p>\n","protected":false},"author":1,"featured_media":0,"parent":0,"menu_order":0,"comment_status":"closed","ping_status":"closed","template":"","meta":{"footnotes":""},"class_list":["post-28","page","type-page","status-publish","hentry"],"_links":{"self":[{"href":"https:\/\/motylarnia.edu.pl\/index.php\/wp-json\/wp\/v2\/pages\/28","targetHints":{"allow":["GET"]}}],"collection":[{"href":"https:\/\/motylarnia.edu.pl\/index.php\/wp-json\/wp\/v2\/pages"}],"about":[{"href":"https:\/\/motylarnia.edu.pl\/index.php\/wp-json\/wp\/v2\/types\/page"}],"author":[{"embeddable":true,"href":"https:\/\/motylarnia.edu.pl\/index.php\/wp-json\/wp\/v2\/users\/1"}],"replies":[{"embeddable":true,"href":"https:\/\/motylarnia.edu.pl\/index.php\/wp-json\/wp\/v2\/comments?post=28"}],"version-history":[{"count":13,"href":"https:\/\/motylarnia.edu.pl\/index.php\/wp-json\/wp\/v2\/pages\/28\/revisions"}],"predecessor-version":[{"id":1166,"href":"https:\/\/motylarnia.edu.pl\/index.php\/wp-json\/wp\/v2\/pages\/28\/revisions\/1166"}],"wp:attachment":[{"href":"https:\/\/motylarnia.edu.pl\/index.php\/wp-json\/wp\/v2\/media?parent=28"}],"curies":[{"name":"wp","href":"https:\/\/api.w.org\/{rel}","templated":true}]}}