{"id":42,"date":"2019-09-01T21:55:40","date_gmt":"2019-09-01T19:55:40","guid":{"rendered":"http:\/\/pracownia-alternatywa.home.pl\/autoinstalator\/wordpress10\/?page_id=42"},"modified":"2022-07-03T19:01:18","modified_gmt":"2022-07-03T17:01:18","slug":"gdzie-sie-znajdujemy","status":"publish","type":"page","link":"https:\/\/motylarnia.edu.pl\/index.php\/gdzie-sie-znajdujemy\/","title":{"rendered":"Gdzie si\u0119 znajdujemy?"},"content":{"rendered":"\r\n<div class=\"wp-block-image\">\r\n<figure class=\"alignleft\"><img loading=\"lazy\" decoding=\"async\" width=\"240\" height=\"314\" class=\"wp-image-124\" src=\"http:\/\/pracownia-alternatywa.home.pl\/autoinstalator\/wordpress10\/wp-content\/uploads\/2019\/09\/lokali1.jpg\" alt=\"\" srcset=\"https:\/\/motylarnia.edu.pl\/wp-content\/uploads\/2019\/09\/lokali1.jpg 240w, https:\/\/motylarnia.edu.pl\/wp-content\/uploads\/2019\/09\/lokali1-229x300.jpg 229w\" sizes=\"auto, (max-width: 240px) 100vw, 240px\" \/><\/figure>\r\n<\/div>\r\n\r\n\r\n\r\n<p>Siedziba Motylarni mie\u015bci si\u0119 w \u015bcis\u0142ym centrum Torunia, na ulicy Szerokiej 41, w zabytkowej kamienicy:<\/p>\r\n\r\n\r\n\r\n<ul class=\"wp-block-list\">\r\n<li>na I pi\u0119trze (lok. 1a) znajduj\u0105 si\u0119 pokoje rozm\u00f3w indywidualnych (konsultacje wst\u0119pne, psychoterapia),<\/li>\r\n<li>na II pi\u0119trze (lok. 2) \u2013 sala, w kt\u00f3rej odbywaj\u0105 si\u0119 warsztaty, do\u015bwiadczenia w\u0142asne, terapie grupowe.<\/li>\r\n<\/ul>\r\n\r\n\r\n\r\n<p>Dyskretne wej\u015bcie do kamienicy (w kt\u00f3rej znajduje si\u0119 kantor) pozwala zachowa\u0107 anonimowo\u015b\u0107. Z naszych okien rozpo\u015bciera si\u0119 pi\u0119kny widok na Ratusz Staromiejski i pomnik Miko\u0142aja Kopernika. To idealne miejsce do rozm\u00f3w i dzielenia si\u0119 swoimi troskami.\u00a0 Czekamy i zapraszamy!<\/p>\r\n\r\n\r\n\r\n<p>Strefa p\u0142atnego parkowania jest dost\u0119pna <a href=\"https:\/\/mzd.torun.pl\/strefa-platnego-parkowania-w-toruniu\/#:~:text=W%20Strefie%20P%C5%82atnego%20Parkowania%20w%20Toruniu%20wyznaczone%20s%C4%85,%28na%20odcinku%20od%20pl.%20Artylerii%20Polskiej%20do%20ul.\">TUTAJ<\/a><\/p>\r\n","protected":false},"excerpt":{"rendered":"<p>Siedziba Motylarni mie\u015bci si\u0119 w \u015bcis\u0142ym centrum Torunia, na ulicy Szerokiej 41, w zabytkowej kamienicy: na I pi\u0119trze (lok. 1a)<\/p>\n","protected":false},"author":1,"featured_media":0,"parent":0,"menu_order":0,"comment_status":"closed","ping_status":"closed","template":"","meta":{"footnotes":""},"class_list":["post-42","page","type-page","status-publish","hentry"],"_links":{"self":[{"href":"https:\/\/motylarnia.edu.pl\/index.php\/wp-json\/wp\/v2\/pages\/42","targetHints":{"allow":["GET"]}}],"collection":[{"href":"https:\/\/motylarnia.edu.pl\/index.php\/wp-json\/wp\/v2\/pages"}],"about":[{"href":"https:\/\/motylarnia.edu.pl\/index.php\/wp-json\/wp\/v2\/types\/page"}],"author":[{"embeddable":true,"href":"https:\/\/motylarnia.edu.pl\/index.php\/wp-json\/wp\/v2\/users\/1"}],"replies":[{"embeddable":true,"href":"https:\/\/motylarnia.edu.pl\/index.php\/wp-json\/wp\/v2\/comments?post=42"}],"version-history":[{"count":5,"href":"https:\/\/motylarnia.edu.pl\/index.php\/wp-json\/wp\/v2\/pages\/42\/revisions"}],"predecessor-version":[{"id":771,"href":"https:\/\/motylarnia.edu.pl\/index.php\/wp-json\/wp\/v2\/pages\/42\/revisions\/771"}],"wp:attachment":[{"href":"https:\/\/motylarnia.edu.pl\/index.php\/wp-json\/wp\/v2\/media?parent=42"}],"curies":[{"name":"wp","href":"https:\/\/api.w.org\/{rel}","templated":true}]}}