{"id":434,"date":"2020-07-28T22:03:27","date_gmt":"2020-07-28T20:03:27","guid":{"rendered":"http:\/\/pracownia-alternatywa.home.pl\/autoinstalator\/wordpress10\/?page_id=434"},"modified":"2021-08-09T22:48:33","modified_gmt":"2021-08-09T20:48:33","slug":"rejestracja-poradnia-online","status":"publish","type":"page","link":"https:\/\/motylarnia.edu.pl\/index.php\/rejestracja-poradnia-online\/","title":{"rendered":"Rejestracja &#8211; Poradnia online"},"content":{"rendered":"\n\n<div class=\"wpcf7 no-js\" id=\"wpcf7-f433-o1\" lang=\"pl-PL\" dir=\"ltr\" data-wpcf7-id=\"433\">\n<div class=\"screen-reader-response\"><p role=\"status\" aria-live=\"polite\" aria-atomic=\"true\"><\/p> <ul><\/ul><\/div>\n<form action=\"\/index.php\/wp-json\/wp\/v2\/pages\/434#wpcf7-f433-o1\" method=\"post\" class=\"wpcf7-form init\" aria-label=\"Formularz kontaktowy\" novalidate=\"novalidate\" data-status=\"init\">\n<fieldset class=\"hidden-fields-container\"><input type=\"hidden\" name=\"_wpcf7\" value=\"433\" \/><input type=\"hidden\" name=\"_wpcf7_version\" value=\"6.1.5\" \/><input type=\"hidden\" name=\"_wpcf7_locale\" value=\"pl_PL\" \/><input type=\"hidden\" name=\"_wpcf7_unit_tag\" value=\"wpcf7-f433-o1\" \/><input type=\"hidden\" name=\"_wpcf7_container_post\" value=\"0\" \/><input type=\"hidden\" name=\"_wpcf7_posted_data_hash\" value=\"\" \/>\n<\/fieldset>\n<p><label> Imi\u0119 i nazwisko (*)<br \/>\n<span class=\"wpcf7-form-control-wrap\" data-name=\"your-name\"><input size=\"40\" maxlength=\"400\" class=\"wpcf7-form-control wpcf7-text wpcf7-validates-as-required\" aria-required=\"true\" aria-invalid=\"false\" value=\"\" type=\"text\" name=\"your-name\" \/><\/span> <\/label>\n<\/p>\n<p><label> Adres email (*)<br \/>\n<span class=\"wpcf7-form-control-wrap\" data-name=\"your-email\"><input size=\"40\" maxlength=\"400\" class=\"wpcf7-form-control wpcf7-email wpcf7-validates-as-required wpcf7-text wpcf7-validates-as-email\" aria-required=\"true\" aria-invalid=\"false\" value=\"\" type=\"email\" name=\"your-email\" \/><\/span> <\/label>\n<\/p>\n<p><label> Nr telefonu (*)<br \/>\n<span class=\"wpcf7-form-control-wrap\" data-name=\"your-subject\"><input size=\"40\" maxlength=\"400\" class=\"wpcf7-form-control wpcf7-text\" aria-invalid=\"false\" value=\"\" type=\"text\" name=\"your-subject\" \/><\/span> <\/label>\n<\/p>\n<p>Na co chcesz si\u0119 zapisa\u0107?<br \/>\n<span class=\"wpcf7-form-control-wrap\" data-name=\"menu-212\"><select class=\"wpcf7-form-control wpcf7-select wpcf7-validates-as-required\" aria-required=\"true\" aria-invalid=\"false\" name=\"menu-212\"><option value=\"Porada poprzez email\">Porada poprzez email<\/option><option value=\"Telekonsultacja\">Telekonsultacja<\/option><option value=\"Videokonsultacja\">Videokonsultacja<\/option><option value=\"Psychoterapia online\">Psychoterapia online<\/option><\/select><\/span>\n<\/p>\n<p>Zaproponuj termin<br \/>\n<span class=\"wpcf7-form-control-wrap\" data-name=\"menu-214\"><select class=\"wpcf7-form-control wpcf7-select wpcf7-validates-as-required\" aria-required=\"true\" aria-invalid=\"false\" name=\"menu-214\"><option value=\"1\">1<\/option><option value=\"2\">2<\/option><option value=\"3\">3<\/option><option value=\"4\">4<\/option><option value=\"5\">5<\/option><option value=\"6\">6<\/option><option value=\"7\">7<\/option><option value=\"8\">8<\/option><option value=\"9\">9<\/option><option value=\"10\">10<\/option><option value=\"11\">11<\/option><option value=\"12\">12<\/option><option value=\"13\">13<\/option><option value=\"14\">14<\/option><option value=\"15\">15<\/option><option value=\"16\">16<\/option><option value=\"17\">17<\/option><option value=\"18\">18<\/option><option value=\"19\">19<\/option><option value=\"20\">20<\/option><option value=\"21\">21<\/option><option value=\"22\">22<\/option><option value=\"23\">23<\/option><option value=\"24\">24<\/option><option value=\"25\">25<\/option><option value=\"26\">26<\/option><option value=\"27\">27<\/option><option value=\"28\">28<\/option><option value=\"29\">29<\/option><option value=\"30\">30<\/option><option value=\"31\">31<\/option><\/select><\/span><span class=\"wpcf7-form-control-wrap\" data-name=\"menu-215\"><select class=\"wpcf7-form-control wpcf7-select wpcf7-validates-as-required\" aria-required=\"true\" aria-invalid=\"false\" name=\"menu-215\"><option value=\"stycze\u0144\">stycze\u0144<\/option><option value=\"luty\">luty<\/option><option value=\"marzec\">marzec<\/option><option value=\"kwiecie\u0144\">kwiecie\u0144<\/option><option value=\"maj\">maj<\/option><option value=\"czerwiec\">czerwiec<\/option><option value=\"lipiec\">lipiec<\/option><option value=\"sierpie\u0144\">sierpie\u0144<\/option><option value=\"wrzesie\u0144\">wrzesie\u0144<\/option><option value=\"pa\u017adziernik\">pa\u017adziernik<\/option><option value=\"listopad\">listopad<\/option><option value=\"grudzie\u0144\">grudzie\u0144<\/option><\/select><\/span>\n<\/p>\n<p>Zaproponuj godzin\u0119<br \/>\n<span class=\"wpcf7-form-control-wrap\" data-name=\"menu-216\"><select class=\"wpcf7-form-control wpcf7-select wpcf7-validates-as-required\" aria-required=\"true\" aria-invalid=\"false\" name=\"menu-216\"><option value=\"8.00\">8.00<\/option><option value=\"9.00\">9.00<\/option><option value=\"10.00\">10.00<\/option><option value=\"11.00\">11.00<\/option><option value=\"12.00\">12.00<\/option><option value=\"13.00\">13.00<\/option><option value=\"14.00\">14.00<\/option><option value=\"15.00\">15.00<\/option><option value=\"16.00\">16.00<\/option><option value=\"17.00\">17.00<\/option><option value=\"18.00\">18.00<\/option><option value=\"19.00\">19.00<\/option><\/select><\/span>\n<\/p>\n<p><span class=\"wpcf7-form-control-wrap\" data-name=\"radio-632\"><span class=\"wpcf7-form-control wpcf7-radio\"><span class=\"wpcf7-list-item first last\"><input type=\"radio\" name=\"radio-632\" value=\"TAK\" checked=\"checked\" \/><span class=\"wpcf7-list-item-label\">TAK<\/span><\/span><\/span><\/span> (*) Wyra\u017cam zgod\u0119 na przetwarzanie moich danych osobowych zgodnie z ustaw\u0105 o ochronie danych osobowych w zwi\u0105zku z realizacj\u0105 zg\u0142oszenia. Podanie danych jest dobrowolne, ale niezb\u0119dne do przetworzenia zapytania. Zosta\u0142em \/am poinformowany \/a, \u017ce przys\u0142uguje mi prawo dost\u0119pu do swoich danych, mo\u017cliwo\u015bci ich poprawiania, \u017c\u0105dania zaprzestania ich przetwarzania. Administratorem danych osobowych jest Motylarnia. O\u015brodek Rozwoju Osobistego i Zawodowego dla Kobiet, ul. Szeroko 41\/2, 87-100 Toru\u0144\n<\/p>\n<p><span class=\"wpcf7-form-control-wrap\" data-name=\"radio-633\"><span class=\"wpcf7-form-control wpcf7-radio\"><span class=\"wpcf7-list-item first\"><input type=\"radio\" name=\"radio-633\" value=\"TAK\" checked=\"checked\" \/><span class=\"wpcf7-list-item-label\">TAK<\/span><\/span><span class=\"wpcf7-list-item last\"><input type=\"radio\" name=\"radio-633\" value=\"NIE\" \/><span class=\"wpcf7-list-item-label\">NIE<\/span><\/span><\/span><\/span> (*) Wyra\u017cam zgod\u0119 na przetwarzanie moich danych osobowych zgodnie z ustaw\u0105 o ochronie danych osobowych w celu przesy\u0142ania mi informacji o proponowanych formach prowadzonych w Motylarni drog\u0105 elektroniczn\u0105 zgodnie z ustaw\u0105 o \u015bwiadczeniu us\u0142ug drog\u0105 elektroniczn\u0105] na podany w tym celu adres email [lub numer telefonu kom\u00f3rkowego lub inny kontakt elektroniczny]. Podanie danych osobowych jest dobrowolne. Zosta\u0142em \/am poinformowany \/a, \u017ce przys\u0142uguje mi prawo dost\u0119pu do swoich danych, mo\u017cliwo\u015bci ich poprawiania, \u017c\u0105dania zaprzestania ich przetwarzania. Administratorem danych osobowych jest Motylarnia. O\u015brodek Rozwoju Osobistego i Zawodowego dla Kobiet, ul. Szeroko 41\/2, 87-100 Toru\u0144\n<\/p>\n<p><span class=\"wpcf7-form-control-wrap\" data-name=\"radio-634\"><span class=\"wpcf7-form-control wpcf7-radio\"><span class=\"wpcf7-list-item first last\"><input type=\"radio\" name=\"radio-634\" value=\"TAK\" checked=\"checked\" \/><span class=\"wpcf7-list-item-label\">TAK<\/span><\/span><\/span><\/span> (*) Zapozna\u0142em\/am si\u0119 z polityk\u0105 prywatno\u015bci prowadzon\u0105 przez Motylani\u0119, kt\u00f3ra dost\u0119pna jest na stronie www.motylarnia.edu.pl\n<\/p>\n<p><input class=\"wpcf7-form-control wpcf7-submit has-spinner\" type=\"submit\" value=\"Wy\u015blij\" \/>\n<\/p><p style=\"display: none !important;\" class=\"akismet-fields-container\" data-prefix=\"_wpcf7_ak_\"><label>&#916;<textarea name=\"_wpcf7_ak_hp_textarea\" cols=\"45\" rows=\"8\" maxlength=\"100\"><\/textarea><\/label><input type=\"hidden\" id=\"ak_js_1\" name=\"_wpcf7_ak_js\" value=\"86\"\/><script>document.getElementById( \"ak_js_1\" ).setAttribute( \"value\", ( new Date() ).getTime() );<\/script><\/p><div class=\"wpcf7-response-output\" aria-hidden=\"true\"><\/div>\n<\/form>\n<\/div>\n\n","protected":false},"excerpt":{"rendered":"","protected":false},"author":1,"featured_media":0,"parent":0,"menu_order":0,"comment_status":"closed","ping_status":"closed","template":"","meta":{"footnotes":""},"class_list":["post-434","page","type-page","status-publish","hentry"],"_links":{"self":[{"href":"https:\/\/motylarnia.edu.pl\/index.php\/wp-json\/wp\/v2\/pages\/434","targetHints":{"allow":["GET"]}}],"collection":[{"href":"https:\/\/motylarnia.edu.pl\/index.php\/wp-json\/wp\/v2\/pages"}],"about":[{"href":"https:\/\/motylarnia.edu.pl\/index.php\/wp-json\/wp\/v2\/types\/page"}],"author":[{"embeddable":true,"href":"https:\/\/motylarnia.edu.pl\/index.php\/wp-json\/wp\/v2\/users\/1"}],"replies":[{"embeddable":true,"href":"https:\/\/motylarnia.edu.pl\/index.php\/wp-json\/wp\/v2\/comments?post=434"}],"version-history":[{"count":5,"href":"https:\/\/motylarnia.edu.pl\/index.php\/wp-json\/wp\/v2\/pages\/434\/revisions"}],"predecessor-version":[{"id":652,"href":"https:\/\/motylarnia.edu.pl\/index.php\/wp-json\/wp\/v2\/pages\/434\/revisions\/652"}],"wp:attachment":[{"href":"https:\/\/motylarnia.edu.pl\/index.php\/wp-json\/wp\/v2\/media?parent=434"}],"curies":[{"name":"wp","href":"https:\/\/api.w.org\/{rel}","templated":true}]}}