{"id":56,"date":"2019-09-01T22:01:31","date_gmt":"2019-09-01T20:01:31","guid":{"rendered":"http:\/\/pracownia-alternatywa.home.pl\/autoinstalator\/wordpress10\/?page_id=56"},"modified":"2026-04-27T09:03:21","modified_gmt":"2026-04-27T07:03:21","slug":"platnosci","status":"publish","type":"page","link":"https:\/\/motylarnia.edu.pl\/index.php\/platnosci\/","title":{"rendered":"P\u0142atno\u015bci"},"content":{"rendered":"\n<p>W Motylarni mo\u017cesz p\u0142aci\u0107 na kilka sposob\u00f3w:<\/p>\n\n\n\n<ul class=\"wp-block-list\">\n<li><strong>GOT\u00d3WK\u0104<\/strong> \u2013 w siedzibie Motylarni,&nbsp; u prowadz\u0105cego (odliczon\u0105 kwot\u0119)<\/li>\n\n\n\n<li><strong>PRZELEWEM<\/strong> na konto \u2013 wp\u0142at prosimy dokonywa\u0107 co najmniej 3 dni przed planowanym spotkaniem \u2013 decyduje data zaksi\u0119gowania kwoty, dow\u00f3d przelewu prosimy przes\u0142a\u0107 na adres kontakt@motylarnia.edu.pl. W tytule prosimy o podanie dnia oraz godziny spotkania.<\/li>\n<\/ul>\n\n\n<p style=\"padding-left: 120px;\">Dane do przelew\u00f3w: Erste BANK POLSKA S.A o\/Toru\u0144: 13 1090 1506 0000 0001 6575 1216,<\/p>\n<ul>\n<li><strong>Przelewy zagraniczne:<\/strong><\/li>\n<\/ul>\n<p><span class=\"T286Pc\" data-sfc-cp=\"\" data-processed=\"true\">\u00a0 \u00a0 \u00a0 \u00a0 \u00a0 \u00a0 \u00a0 \u00a0 \u00a0 \u00a0 \u00a0 \u00a0 \u00a0 \u00a0 \u00a0 Nazwa Banku: Erste BANK POLSKA S.A<\/span><\/p>\n<p><span class=\"T286Pc\" data-sfc-cp=\"\" data-processed=\"true\">\u00a0 \u00a0 \u00a0 \u00a0 \u00a0 \u00a0 \u00a0 \u00a0 \u00a0 \u00a0 \u00a0 \u00a0 \u00a0 \u00a0 \u00a0 <\/span>IBAN: PL 13 1090 1506 0000 0001 6575 1216<\/p>\n<p><span class=\"T286Pc\" data-sfc-cp=\"\" data-processed=\"true\">\u00a0 \u00a0 \u00a0 \u00a0 \u00a0 \u00a0 \u00a0 \u00a0 \u00a0 \u00a0 \u00a0 \u00a0 \u00a0 \u00a0 \u00a0 Adres Banku: al. Jana Paw\u0142a II 17, 00-854 Warszawa<\/span><\/p>\n<p><span class=\"T286Pc\" data-sfc-cp=\"\" data-processed=\"true\">\u00a0 \u00a0 \u00a0 \u00a0 \u00a0 \u00a0 \u00a0 \u00a0 \u00a0 \u00a0 \u00a0 \u00a0 \u00a0 \u00a0 \u00a0 Kraj: Polska (PL)<\/span><\/p>\n<p><span class=\"T286Pc\" data-sfc-cp=\"\" data-processed=\"true\">\u00a0 \u00a0 \u00a0 \u00a0 \u00a0 \u00a0 \u00a0 \u00a0 \u00a0 \u00a0 \u00a0 \u00a0 \u00a0 \u00a0 \u00a0 <\/span>KOD SWIFT WBKPPLPP<\/p>\n\n\n<ul class=\"wp-block-list\">\n<li><strong>ELEKTRONICZNIE poprzez Przelewy24<\/strong> w momencie rejestrowania wizyty w <a href=\"http:\/\/motylarnia.edu.pl\/index.php\/zarezerwuj-wizyte\/\">systemie rezerwacyjnym<\/a><\/li>\n<\/ul>\n\n\n\n<p>&nbsp;<\/p>\n\n\n\n<p>Prosimy zg\u0142asza\u0107 ch\u0119\u0107 otrzymania faktury wraz z danymi. W przypadku kobiet, kt\u00f3re pierwszy raz korzystaj\u0105 z p\u0142atnej formy w Motylarni, prosimy dokonywa\u0107 wp\u0142at przy pomocy przelew\u00f3w, blikiem lub elektronicznie.<\/p>\n\n\n\n<p><strong>W tym momencie w Motylarni nie ma mo\u017cliwo\u015bci p\u0142acenia kart\u0105 p\u0142atnicz\u0105.<\/strong><\/p>\n","protected":false},"excerpt":{"rendered":"<p>W Motylarni mo\u017cesz p\u0142aci\u0107 na kilka sposob\u00f3w: Dane do przelew\u00f3w: Erste BANK POLSKA S.A o\/Toru\u0144: 13 1090 1506 0000 0001<\/p>\n","protected":false},"author":1,"featured_media":0,"parent":0,"menu_order":0,"comment_status":"closed","ping_status":"closed","template":"","meta":{"footnotes":""},"class_list":["post-56","page","type-page","status-publish","hentry"],"_links":{"self":[{"href":"https:\/\/motylarnia.edu.pl\/index.php\/wp-json\/wp\/v2\/pages\/56","targetHints":{"allow":["GET"]}}],"collection":[{"href":"https:\/\/motylarnia.edu.pl\/index.php\/wp-json\/wp\/v2\/pages"}],"about":[{"href":"https:\/\/motylarnia.edu.pl\/index.php\/wp-json\/wp\/v2\/types\/page"}],"author":[{"embeddable":true,"href":"https:\/\/motylarnia.edu.pl\/index.php\/wp-json\/wp\/v2\/users\/1"}],"replies":[{"embeddable":true,"href":"https:\/\/motylarnia.edu.pl\/index.php\/wp-json\/wp\/v2\/comments?post=56"}],"version-history":[{"count":16,"href":"https:\/\/motylarnia.edu.pl\/index.php\/wp-json\/wp\/v2\/pages\/56\/revisions"}],"predecessor-version":[{"id":1607,"href":"https:\/\/motylarnia.edu.pl\/index.php\/wp-json\/wp\/v2\/pages\/56\/revisions\/1607"}],"wp:attachment":[{"href":"https:\/\/motylarnia.edu.pl\/index.php\/wp-json\/wp\/v2\/media?parent=56"}],"curies":[{"name":"wp","href":"https:\/\/api.w.org\/{rel}","templated":true}]}}